{"id":1187,"date":"2022-07-01T09:24:36","date_gmt":"2022-07-01T07:24:36","guid":{"rendered":"https:\/\/personal-aus-osteuropa.de\/?page_id=1187"},"modified":"2026-02-10T09:24:07","modified_gmt":"2026-02-10T08:24:07","slug":"imprint","status":"publish","type":"page","link":"https:\/\/personal-aus-osteuropa.de\/en\/impressum\/","title":{"rendered":"Imprint"},"content":{"rendered":"<div data-elementor-type=\"wp-page\" data-elementor-id=\"1187\" class=\"elementor elementor-1187\">\n\t\t\t\t\t\t<section class=\"elementor-section elementor-top-section elementor-element elementor-element-31fe3c07 tstk-col-stretched-none tstk-bg-color-over-image elementor-section-boxed elementor-section-height-default elementor-section-height-default\" data-id=\"31fe3c07\" data-element_type=\"section\" data-e-type=\"section\">\n\t\t\t\t\t\t<div class=\"elementor-container elementor-column-gap-default\">\n\t\t\t\t\t<div class=\"elementor-column elementor-col-100 elementor-top-column elementor-element elementor-element-66f4ed73 tstk-bg-color-over-image\" data-id=\"66f4ed73\" data-element_type=\"column\" data-e-type=\"column\">\n\t\t\t<div class=\"elementor-widget-wrap elementor-element-populated\">\n\t\t\t\t\t\t<div class=\"elementor-element elementor-element-641440aa elementor-widget elementor-widget-text-editor\" data-id=\"641440aa\" data-element_type=\"widget\" data-e-type=\"widget\" data-widget_type=\"text-editor.default\">\n\t\t\t\t<div class=\"elementor-widget-container\">\n\t\t\t\t\t\t\t\t\t<h2 id=\"h-angaben-gemass-5-tmg\">According to \u00a7 5 TMG<\/h2>\n<p><!-- \/wp:heading --><!-- wp:paragraph --><\/p>\n<p>Peter Gassenmaier<br \/>Zeitarbeit International s.r.o.<br \/>\u010cerny\u0161evsk\u00e9ho 10,<br \/>851 01 Bratislava<\/p>\n<p><!-- \/wp:paragraph --><!-- wp:paragraph --><\/p>\n<p><strong>German representative office:<\/strong><br \/>Neuneralmweg 11<br \/>82491 Grainau<\/p>\n<p><!-- \/wp:paragraph --><!-- wp:heading --><\/p>\n<h2 id=\"h-kontakt\">Contact<\/h2>\n<p><!-- \/wp:heading --><!-- wp:paragraph --><\/p>\n<p>Phone: +49 172 7477707<br \/>E-mail: info@zeitarbeit-international.de<\/p>\n<p><!-- \/wp:paragraph --><!-- wp:paragraph --><\/p>\n<p><!-- \/wp:paragraph --><!-- wp:heading --><\/p>\n<p><!-- \/wp:paragraph --><!-- wp:paragraph --><\/p>\n<p><!-- \/wp:paragraph --><!-- wp:heading --><\/p>\n<h2 id=\"h-umsatzsteuer-id\">Tax ID<\/h2>\n<p><!-- \/wp:heading --><!-- wp:paragraph --><\/p>\n<p>Sales tax identification number according to \u00a7 27 a sales tax law:<br \/>SK2122039601<\/p>\n<p><!-- \/wp:paragraph --><!-- wp:heading --><\/p>\n<h2 id=\"h-redaktionell-verantwortlich\">Editorial responsibility<\/h2>\n<p><!-- \/wp:heading --><!-- wp:paragraph --><\/p>\n<p>Peter Gassenmaier<\/p>\n<p><!-- \/wp:paragraph --><!-- wp:heading --><\/p>\n<h2 id=\"h-eu-streitschlichtung\">EU Dispute Settlement<\/h2>\n<p><!-- \/wp:heading --><!-- wp:paragraph --><\/p>\n<p>The European Commission provides a platform for online dispute resolution (OS): <a href=\"https:\/\/ec.europa.eu\/consumers\/odr\/\" target=\"_blank\" rel=\"noreferrer noopener\">https:\/\/ec.europa.eu\/consumers\/odr\/<\/a>.<br \/>Our e-mail address can be found above in the imprint.<\/p>\n<p><!-- \/wp:paragraph --><!-- wp:heading --><\/p>\n<h2 id=\"h-verbraucher-streit-beilegung-universal-schlichtungs-stelle\">Verbraucherstreitbeilegung\/Universalschlichtungsstelle<\/h2>\n<p><!-- \/wp:heading --><!-- wp:paragraph --><\/p>\n<p>We are not willing or obliged to participate in dispute settlement procedures before a consumer arbitration board.<\/p>\n<p><!-- \/wp:paragraph --><!-- wp:paragraph --><\/p>\n<p><strong>Liability for content<\/strong><br \/>As a service provider, we are responsible for our own content on these pages according to Section 7, Paragraph 1 of the German Telemedia Act (TMG).  According to \u00a7\u00a7 8 to 10 TMG, however, we as a service provider are not obliged to monitor transmitted or stored third-party information or to investigate circumstances that indicate illegal activity.<\/p>\n<p><!-- \/wp:paragraph --><!-- wp:paragraph --><\/p>\n<p>Obligations to remove or block the use of information according to general laws remain unaffected.  However, liability in this regard is only possible from the point in time at which knowledge of a specific infringement of the law is known.  As soon as we become aware of any violations of the law, we will remove this content immediately.<\/p>\n<p><!-- \/wp:paragraph --><!-- wp:paragraph --><\/p>\n<p><strong>Liability for links<\/strong><br \/>Our offer contains links to external websites over which we have no influence.  Therefore we cannot assume any liability for this external content.  The respective provider or operator of the pages is always responsible for the content of the linked pages.  The linked pages were checked for possible legal violations at the time of linking.  Illegal content was not recognizable at the time of linking.<\/p>\n<p><!-- \/wp:paragraph --><!-- wp:paragraph --><\/p>\n<p>However, a permanent control of the content of the linked pages is not reasonable without concrete evidence of an infringement.  As soon as we become aware of legal violations, we will remove such links immediately.<\/p>\n<p><!-- \/wp:paragraph --><!-- wp:paragraph --><\/p>\n<p><strong>Copyright<\/strong><br \/>The content and works on these pages created by the site operators are subject to German copyright law.  The duplication, editing, distribution and any kind of exploitation outside the limits of copyright require the written consent of the respective author or creator.  Downloads and copies of this site are only permitted for private, non-commercial use.<\/p>\n<p><!-- \/wp:paragraph --><!-- wp:paragraph --><\/p>\n<p>Insofar as the content on this site was not created by the operator, the copyrights of third parties are observed.  In particular contents of third parties are marked as such.  Should you nevertheless become aware of a copyright infringement, we ask that you inform us accordingly.  As soon as we become aware of legal violations, we will remove such content immediately.<\/p>\n<p><!-- \/wp:paragraph --><\/p>\t\t\t\t\t\t\t\t<\/div>\n\t\t\t\t<\/div>\n\t\t\t\t\t<\/div>\n\t\t<\/div>\n\t\t\t\t\t<\/div>\n\t\t<\/section>\n\t\t\t\t<\/div>","protected":false},"excerpt":{"rendered":"<p>Angaben gem\u00e4\u00df \u00a7 5 TMG Peter GassenmaierZeitarbeit International s.r.o.\u010cerny\u0161evsk\u00e9ho 10,851 01 Bratislava Deutsche Repr\u00e4sentanz:Neuneralmweg 1182491 Grainau Kontakt Telefon: +49 172 7477707E-Mail: info@zeitarbeit-international.de Umsatzsteuer-ID Umsatzsteuer-Identifikationsnummer gem\u00e4\u00df \u00a7 27 a Umsatzsteuergesetz:SK2122039601 Redaktionell verantwortlich Peter Gassenmaier EU-Streitschlichtung Die Europ\u00e4ische Kommission stellt eine Plattform zur Online-Streitbeilegung (OS) bereit: https:\/\/ec.europa.eu\/consumers\/odr\/.Unsere E-Mail-Adresse finden Sie oben im Impressum. Verbraucher\u00adstreit\u00adbeilegung\/Universal\u00adschlichtungs\u00adstelle Wir sind nicht bereit oder verpflichtet, an Streitbeilegungsverfahren vor einer Verbraucherschlichtungsstelle teilzunehmen. Haftung f\u00fcr InhalteAls Diensteanbieter sind wir[&hellip;]<\/p>\n","protected":false},"author":9,"featured_media":0,"parent":0,"menu_order":0,"comment_status":"closed","ping_status":"closed","template":"","meta":{"_acf_changed":false,"footnotes":""},"class_list":["post-1187","page","type-page","status-publish","hentry"],"acf":[],"yoast_head":"<!-- This site is optimized with the Yoast SEO Premium plugin v27.5 (Yoast SEO v27.5) - https:\/\/yoast.com\/product\/yoast-seo-premium-wordpress\/ -->\n<title>Impressum - Fachkr\u00e4fte aus Osteuropa<\/title>\n<meta name=\"robots\" content=\"index, follow, max-snippet:-1, max-image-preview:large, max-video-preview:-1\" \/>\n<link rel=\"canonical\" href=\"https:\/\/personal-aus-osteuropa.de\/en\/imprint\/\" \/>\n<meta property=\"og:locale\" content=\"en_GB\" \/>\n<meta property=\"og:type\" content=\"article\" \/>\n<meta property=\"og:title\" content=\"Impressum\" \/>\n<meta property=\"og:description\" content=\"Angaben gem\u00e4\u00df \u00a7 5 TMG Peter GassenmaierZeitarbeit International s.r.o.\u010cerny\u0161evsk\u00e9ho 10,851 01 Bratislava Deutsche Repr\u00e4sentanz:Neuneralmweg 1182491 Grainau Kontakt Telefon: +49 172 7477707E-Mail: info@zeitarbeit-international.de Umsatzsteuer-ID Umsatzsteuer-Identifikationsnummer gem\u00e4\u00df \u00a7 27 a Umsatzsteuergesetz:SK2122039601 Redaktionell verantwortlich Peter Gassenmaier EU-Streitschlichtung Die Europ\u00e4ische Kommission stellt eine Plattform zur Online-Streitbeilegung (OS) bereit: https:\/\/ec.europa.eu\/consumers\/odr\/.Unsere E-Mail-Adresse finden Sie oben im Impressum. Verbraucher\u00adstreit\u00adbeilegung\/Universal\u00adschlichtungs\u00adstelle Wir sind nicht bereit oder verpflichtet, an Streitbeilegungsverfahren vor einer Verbraucherschlichtungsstelle teilzunehmen. Haftung f\u00fcr InhalteAls Diensteanbieter sind wir[&hellip;]\" \/>\n<meta property=\"og:url\" content=\"https:\/\/personal-aus-osteuropa.de\/en\/imprint\/\" \/>\n<meta property=\"og:site_name\" content=\"Fachkr\u00e4fte aus Osteuropa\" \/>\n<meta property=\"article:modified_time\" content=\"2026-02-10T08:24:07+00:00\" \/>\n<meta property=\"og:image\" content=\"https:\/\/personal-aus-osteuropa.de\/wp-content\/uploads\/revslider\/slider-demo-1\/slider01-img1-new-e1669882471386.jpg\" \/>\n\t<meta property=\"og:image:width\" content=\"1579\" \/>\n\t<meta property=\"og:image:height\" content=\"816\" \/>\n\t<meta property=\"og:image:type\" content=\"image\/jpeg\" \/>\n<meta name=\"twitter:card\" content=\"summary_large_image\" \/>\n<meta name=\"twitter:label1\" content=\"Estimated reading time\" \/>\n\t<meta name=\"twitter:data1\" content=\"3 minutes\" \/>\n<script type=\"application\/ld+json\" class=\"yoast-schema-graph\">{\"@context\":\"https:\\\/\\\/schema.org\",\"@graph\":[{\"@type\":\"WebPage\",\"@id\":\"https:\\\/\\\/personal-aus-osteuropa.de\\\/impressum\\\/\",\"url\":\"https:\\\/\\\/personal-aus-osteuropa.de\\\/impressum\\\/\",\"name\":\"Impressum - Fachkr\u00e4fte aus Osteuropa\",\"isPartOf\":{\"@id\":\"https:\\\/\\\/personal-aus-osteuropa.de\\\/#website\"},\"datePublished\":\"2022-07-01T07:24:36+00:00\",\"dateModified\":\"2026-02-10T08:24:07+00:00\",\"breadcrumb\":{\"@id\":\"https:\\\/\\\/personal-aus-osteuropa.de\\\/impressum\\\/#breadcrumb\"},\"inLanguage\":\"en-GB\",\"potentialAction\":[{\"@type\":\"ReadAction\",\"target\":[\"https:\\\/\\\/personal-aus-osteuropa.de\\\/impressum\\\/\"]}]},{\"@type\":\"BreadcrumbList\",\"@id\":\"https:\\\/\\\/personal-aus-osteuropa.de\\\/impressum\\\/#breadcrumb\",\"itemListElement\":[{\"@type\":\"ListItem\",\"position\":1,\"name\":\"Startseite\",\"item\":\"https:\\\/\\\/personal-aus-osteuropa.de\\\/\"},{\"@type\":\"ListItem\",\"position\":2,\"name\":\"Impressum\"}]},{\"@type\":\"WebSite\",\"@id\":\"https:\\\/\\\/personal-aus-osteuropa.de\\\/#website\",\"url\":\"https:\\\/\\\/personal-aus-osteuropa.de\\\/\",\"name\":\"Fachkr\u00e4fte aus Osteuropa\",\"description\":\"Leiharbeiter &amp; Subunternehmer Vermittlung\",\"publisher\":{\"@id\":\"https:\\\/\\\/personal-aus-osteuropa.de\\\/#organization\"},\"alternateName\":\"Zeitarbeit & Werkvertr\u00e4ge Osteuropa\",\"potentialAction\":[{\"@type\":\"SearchAction\",\"target\":{\"@type\":\"EntryPoint\",\"urlTemplate\":\"https:\\\/\\\/personal-aus-osteuropa.de\\\/?s={search_term_string}\"},\"query-input\":{\"@type\":\"PropertyValueSpecification\",\"valueRequired\":true,\"valueName\":\"search_term_string\"}}],\"inLanguage\":\"en-GB\"},{\"@type\":\"Organization\",\"@id\":\"https:\\\/\\\/personal-aus-osteuropa.de\\\/#organization\",\"name\":\"Personal aus Osteuropa\",\"alternateName\":\"Zeitarbeit International s.r.o.\",\"url\":\"https:\\\/\\\/personal-aus-osteuropa.de\\\/\",\"logo\":{\"@type\":\"ImageObject\",\"inLanguage\":\"en-GB\",\"@id\":\"https:\\\/\\\/personal-aus-osteuropa.de\\\/#\\\/schema\\\/logo\\\/image\\\/\",\"url\":\"https:\\\/\\\/personal-aus-osteuropa.de\\\/wp-content\\\/uploads\\\/2022\\\/06\\\/logo_2.png\",\"contentUrl\":\"https:\\\/\\\/personal-aus-osteuropa.de\\\/wp-content\\\/uploads\\\/2022\\\/06\\\/logo_2.png\",\"width\":62,\"height\":60,\"caption\":\"Personal aus Osteuropa\"},\"image\":{\"@id\":\"https:\\\/\\\/personal-aus-osteuropa.de\\\/#\\\/schema\\\/logo\\\/image\\\/\"},\"description\":\"Zeitarbeit International ist ein Personaldienstleister f\u00fcr Zeitarbeit, Werkvertr\u00e4ge und Personalvermittlung von Arbeitskr\u00e4ften aus Osteuropa und Baltikum. Wir vermitteln den Unternehmen Deutschland Personal aus Osteuropa, EU L\u00e4ndern sowie Drittstaaten Personal f\u00fcr Handwerk, Bau, Industrie, Solartechnik, Medizin, Industriemontage, Maschinenverlagerungen, Elektrotechnik, Ingenieurwesen, Automobilindustrie, Metall- und Stahlbau, Produktion und Logistik. Unsere Kernkompetenz umfasst Schwei\u00dfen, Fertigung von Metallkonstruktionen, Montage, den Bau und Instandhaltung von industriellen Anlagen. Dar\u00fcber hinaus vermitteln wir flei\u00dfiges Produktionshelfer, Flie\u00dfbandarbeiter, Kontrolleure etc.\",\"email\":\"info@personal-aus-osteuropa.de\",\"telephone\":\"+49 172 7477707\",\"legalName\":\"Zeitarbeit International s.r.o.\",\"numberOfEmployees\":{\"@type\":\"QuantitativeValue\",\"minValue\":\"1\",\"maxValue\":\"10\"}}]}<\/script>\n<!-- \/ Yoast SEO Premium plugin. -->","yoast_head_json":{"title":"Imprint - Skilled labour from Eastern Europe","robots":{"index":"index","follow":"follow","max-snippet":"max-snippet:-1","max-image-preview":"max-image-preview:large","max-video-preview":"max-video-preview:-1"},"canonical":"https:\/\/personal-aus-osteuropa.de\/en\/imprint\/","og_locale":"en_GB","og_type":"article","og_title":"Impressum","og_description":"Angaben gem\u00e4\u00df \u00a7 5 TMG Peter GassenmaierZeitarbeit International s.r.o.\u010cerny\u0161evsk\u00e9ho 10,851 01 Bratislava Deutsche Repr\u00e4sentanz:Neuneralmweg 1182491 Grainau Kontakt Telefon: +49 172 7477707E-Mail: info@zeitarbeit-international.de Umsatzsteuer-ID Umsatzsteuer-Identifikationsnummer gem\u00e4\u00df \u00a7 27 a Umsatzsteuergesetz:SK2122039601 Redaktionell verantwortlich Peter Gassenmaier EU-Streitschlichtung Die Europ\u00e4ische Kommission stellt eine Plattform zur Online-Streitbeilegung (OS) bereit: https:\/\/ec.europa.eu\/consumers\/odr\/.Unsere E-Mail-Adresse finden Sie oben im Impressum. Verbraucher\u00adstreit\u00adbeilegung\/Universal\u00adschlichtungs\u00adstelle Wir sind nicht bereit oder verpflichtet, an Streitbeilegungsverfahren vor einer Verbraucherschlichtungsstelle teilzunehmen. Haftung f\u00fcr InhalteAls Diensteanbieter sind wir[&hellip;]","og_url":"https:\/\/personal-aus-osteuropa.de\/en\/imprint\/","og_site_name":"Fachkr\u00e4fte aus Osteuropa","article_modified_time":"2026-02-10T08:24:07+00:00","og_image":[{"width":1579,"height":816,"url":"https:\/\/personal-aus-osteuropa.de\/wp-content\/uploads\/revslider\/slider-demo-1\/slider01-img1-new-e1669882471386.jpg","type":"image\/jpeg"}],"twitter_card":"summary_large_image","twitter_misc":{"Estimated reading time":"3 minutes"},"schema":{"@context":"https:\/\/schema.org","@graph":[{"@type":"WebPage","@id":"https:\/\/personal-aus-osteuropa.de\/impressum\/","url":"https:\/\/personal-aus-osteuropa.de\/impressum\/","name":"Imprint - Skilled labour from Eastern Europe","isPartOf":{"@id":"https:\/\/personal-aus-osteuropa.de\/#website"},"datePublished":"2022-07-01T07:24:36+00:00","dateModified":"2026-02-10T08:24:07+00:00","breadcrumb":{"@id":"https:\/\/personal-aus-osteuropa.de\/impressum\/#breadcrumb"},"inLanguage":"en-GB","potentialAction":[{"@type":"ReadAction","target":["https:\/\/personal-aus-osteuropa.de\/impressum\/"]}]},{"@type":"BreadcrumbList","@id":"https:\/\/personal-aus-osteuropa.de\/impressum\/#breadcrumb","itemListElement":[{"@type":"ListItem","position":1,"name":"Startseite","item":"https:\/\/personal-aus-osteuropa.de\/"},{"@type":"ListItem","position":2,"name":"Impressum"}]},{"@type":"WebSite","@id":"https:\/\/personal-aus-osteuropa.de\/#website","url":"https:\/\/personal-aus-osteuropa.de\/","name":"from Eastern European EU countries","description":"Temporary workers &amp; subcontractor placement","publisher":{"@id":"https:\/\/personal-aus-osteuropa.de\/#organization"},"alternateName":"Zeitarbeit & Werkvertr\u00e4ge Osteuropa","potentialAction":[{"@type":"SearchAction","target":{"@type":"EntryPoint","urlTemplate":"https:\/\/personal-aus-osteuropa.de\/?s={search_term_string}"},"query-input":{"@type":"PropertyValueSpecification","valueRequired":true,"valueName":"search_term_string"}}],"inLanguage":"en-GB"},{"@type":"Organization","@id":"https:\/\/personal-aus-osteuropa.de\/#organization","name":"Staff from Eastern Europe","alternateName":"Zeitarbeit International s.r.o.","url":"https:\/\/personal-aus-osteuropa.de\/","logo":{"@type":"ImageObject","inLanguage":"en-GB","@id":"https:\/\/personal-aus-osteuropa.de\/#\/schema\/logo\/image\/","url":"https:\/\/personal-aus-osteuropa.de\/wp-content\/uploads\/2022\/06\/logo_2.png","contentUrl":"https:\/\/personal-aus-osteuropa.de\/wp-content\/uploads\/2022\/06\/logo_2.png","width":62,"height":60,"caption":"Personal aus Osteuropa"},"image":{"@id":"https:\/\/personal-aus-osteuropa.de\/#\/schema\/logo\/image\/"},"description":"Zeitarbeit International is a personnel service provider for temporary work, work contracts and personnel placement of labour from Eastern Europe and the Baltic States. We provide companies in Germany with personnel from Eastern Europe, EU countries and third countries for skilled trades, construction, industry, solar technology, medicine, industrial assembly, machine relocation, electrical engineering, engineering, the automotive industry, metal and steel construction, production and logistics. Our core competences include welding, manufacturing of metal constructions, assembly, construction and maintenance of industrial plants. We also provide hard-working production assistants, assembly line workers, inspectors, etc.","email":"info@personal-aus-osteuropa.de","telephone":"+49 172 7477707","legalName":"Zeitarbeit International s.r.o.","numberOfEmployees":{"@type":"QuantitativeValue","minValue":"1","maxValue":"10"}}]}},"_links":{"self":[{"href":"https:\/\/personal-aus-osteuropa.de\/en\/wp-json\/wp\/v2\/pages\/1187","targetHints":{"allow":["GET"]}}],"collection":[{"href":"https:\/\/personal-aus-osteuropa.de\/en\/wp-json\/wp\/v2\/pages"}],"about":[{"href":"https:\/\/personal-aus-osteuropa.de\/en\/wp-json\/wp\/v2\/types\/page"}],"author":[{"embeddable":true,"href":"https:\/\/personal-aus-osteuropa.de\/en\/wp-json\/wp\/v2\/users\/9"}],"replies":[{"embeddable":true,"href":"https:\/\/personal-aus-osteuropa.de\/en\/wp-json\/wp\/v2\/comments?post=1187"}],"version-history":[{"count":10,"href":"https:\/\/personal-aus-osteuropa.de\/en\/wp-json\/wp\/v2\/pages\/1187\/revisions"}],"predecessor-version":[{"id":19791,"href":"https:\/\/personal-aus-osteuropa.de\/en\/wp-json\/wp\/v2\/pages\/1187\/revisions\/19791"}],"wp:attachment":[{"href":"https:\/\/personal-aus-osteuropa.de\/en\/wp-json\/wp\/v2\/media?parent=1187"}],"curies":[{"name":"wp","href":"https:\/\/api.w.org\/{rel}","templated":true}]}}